{"id":2,"date":"2016-05-10T03:48:21","date_gmt":"2016-05-10T03:48:21","guid":{"rendered":"http:\/\/home.nuebel-pr.de\/?page_id=2"},"modified":"2020-04-08T12:06:02","modified_gmt":"2020-04-08T12:06:02","slug":"sample-page","status":"publish","type":"page","link":"http:\/\/home.nuebel-pr.de\/","title":{"rendered":"N\u00fcbel PR"},"content":{"rendered":"<h1 style=\"text-align: center;\"><strong>&nbsp;<\/strong><\/h1>\n<h3 style=\"text-align: left;\">Willkommen bei Christoph N\u00fcbel!<\/h3>\n<h3 style=\"text-align: left;\">Online-Redaktion und PR-Dienstleistungen aus einer Hand!<\/h3>\n<p>Ich arbeite seit 2010 als Online Redakteur und PR-Berater, mit Schwerpunkt Gl\u00fccksspiel-Branche. Ich habe Sportwetten-, Casino- und Poker-Texte geschrieben f\u00fcr Kunden oder Seiten wie:<\/p>\n\n\n<ul><li>PartyPoker<\/li><li>Betsafe<\/li><li>mybet<\/li><li>bet-at-home.com<\/li><li>Betfair<\/li><li>PokerStrategy.com<\/li><li>BILD.de<\/li><li>Poker.de<\/li><li>PokerMagazin<\/li><li>PokerFirma<\/li><li>EuroSlots<\/li><li>Lottoland<\/li><\/ul>\n\n\n<p>Im Sportwetten-Bereich habe ich als Freier Autor f\u00fcr Seiten wie<\/p>\n\n\n<ul><li>Bild-Sportwetten<\/li><li>Focus-Sportwetten<\/li><li>Wettzentrale<\/li><li>Wettbasis<\/li><li>Wettfreunde<\/li><li>Wett24.com<\/li><li>Fu\u00dfballinfo.net<\/li><li>Wettspezi.info<\/li><li>Sportwettenpro.com<\/li><li>Fussball-Sportwetten.net<\/li><li>Fu\u00dfballwetten.info<\/li><li>Fu\u00dfball-Wette24.com<\/li><\/ul>\n\n\n<p>gearbeitet.<\/p>\n<p>Ich freue mich \u00fcber neue Auftr\u00e4ge aus der Gl\u00fccksspiel-Branche, egal ob Full-Time, Part-Time oder als Freelancer.<\/p>\n<p>Normalerweise nehme ich einen festen Preis pro Wort (f\u00fcr diesen Preis ist alles inklusive wie z.B. SEO-Optimierung, Hochladen bei WordPress o.\u00e4., Bebilderung der Artikel, etc\u2026). Bei gr\u00f6\u00dferen oder spannenden Auftr\u00e4gen k\u00f6nnen wir uns auch gerne \u00fcber eine Pauschale oder einen anderen Preis pro Wort einigen.<\/p>","protected":false},"excerpt":{"rendered":"<p>&nbsp; Willkommen bei Christoph N\u00fcbel! Online-Redaktion und PR-Dienstleistungen aus einer Hand! Ich arbeite seit 2010 als Online Redakteur und PR-Berater, mit Schwerpunkt Gl\u00fccksspiel-Branche. Ich habe Sportwetten-, Casino- und Poker-Texte geschrieben f\u00fcr Kunden oder Seiten wie: PartyPoker Betsafe mybet bet-at-home.com Betfair PokerStrategy.com BILD.de Poker.de PokerMagazin PokerFirma EuroSlots Lottoland Im Sportwetten-Bereich habe ich als Freier Autor f\u00fcr [&hellip;]<\/p>\n","protected":false},"author":1,"featured_media":0,"parent":0,"menu_order":1,"comment_status":"closed","ping_status":"closed","template":"","meta":[],"_links":{"self":[{"href":"http:\/\/home.nuebel-pr.de\/index.php?rest_route=\/wp\/v2\/pages\/2"}],"collection":[{"href":"http:\/\/home.nuebel-pr.de\/index.php?rest_route=\/wp\/v2\/pages"}],"about":[{"href":"http:\/\/home.nuebel-pr.de\/index.php?rest_route=\/wp\/v2\/types\/page"}],"author":[{"embeddable":true,"href":"http:\/\/home.nuebel-pr.de\/index.php?rest_route=\/wp\/v2\/users\/1"}],"replies":[{"embeddable":true,"href":"http:\/\/home.nuebel-pr.de\/index.php?rest_route=%2Fwp%2Fv2%2Fcomments&post=2"}],"version-history":[{"count":16,"href":"http:\/\/home.nuebel-pr.de\/index.php?rest_route=\/wp\/v2\/pages\/2\/revisions"}],"predecessor-version":[{"id":86,"href":"http:\/\/home.nuebel-pr.de\/index.php?rest_route=\/wp\/v2\/pages\/2\/revisions\/86"}],"wp:attachment":[{"href":"http:\/\/home.nuebel-pr.de\/index.php?rest_route=%2Fwp%2Fv2%2Fmedia&parent=2"}],"curies":[{"name":"wp","href":"https:\/\/api.w.org\/{rel}","templated":true}]}}