{"id":22,"date":"2020-04-04T09:15:46","date_gmt":"2020-04-04T09:15:46","guid":{"rendered":"http:\/\/home.nuebel-pr.de\/?page_id=22"},"modified":"2020-04-08T12:06:54","modified_gmt":"2020-04-08T12:06:54","slug":"referenzen","status":"publish","type":"page","link":"http:\/\/home.nuebel-pr.de\/?page_id=22","title":{"rendered":"Referenzen"},"content":{"rendered":"<p>Online-Redakteur &amp; PR-Berater bei\/f\u00fcr:<\/p>\n<ul>\n<li><a href=\"https:\/\/www.poker.de\/\">Poker.de<\/a><\/li>\n<li><a href=\"https:\/\/de.pokerstrategy.com\/\">PokerStrategy.com<\/a><\/li>\n<li><a href=\"https:\/\/de.partypoker.com\/\">PartyPoker<\/a><\/li>\n<li><a href=\"https:\/\/www.betsafe.com\/de\">Betsafe<\/a><\/li>\n<li><a href=\"https:\/\/www.bet-at-home.com\/\">bet-at-home.com<\/a><\/li>\n<li><a href=\"https:\/\/mybet.com\/de\/sportwetten\">mybet<\/a><\/li>\n<li><a href=\"https:\/\/www.betfair.com\/de\/\">Betfair<\/a><\/li>\n<li><a href=\"https:\/\/sportwetten.bild.de\/\">BILD.de<\/a><\/li>\n<li><a href=\"http:\/\/www.poker-magazin.at\/\">PokerMagazin<\/a><\/li>\n<li><a href=\"https:\/\/www.pokerfirma.com\/\">Pokerfirma.com<\/a><\/li>\n<li><a href=\"https:\/\/www.euroslots.com\/de\/\">Euroslots<\/a><\/li>\n<li><a href=\"https:\/\/www.lottoland.com\/\">Lottoland<\/a><\/li>\n<li><a href=\"http:\/\/cpkomm.de\/home.html\">CP Kommunikation<\/a><\/li>\n<\/ul>\n<p><!-- \/wp:list --><\/p>\n<p>PR-Referent bei <a href=\"https:\/\/www.huberverlag.de\/\">Huber Verlag f\u00fcr Neue Medien<\/a>, <a href=\"http:\/\/www.imittelstand.de\/\">Initiative Mittelstand<\/a>, <a href=\"https:\/\/www.pressebox.de\/\">PresseBox<\/a>:<\/p>\n<p><!-- wp:list --><\/p>\n<ul>\n<li>Pressereferent<\/li>\n<li>Presse- und \u00d6ffentlichkeitsarbeit<\/li>\n<li>Unternehmenskommunikation<\/li>\n<li>Kooperationen<\/li>\n<li>Networking<\/li>\n<li>Messemanagement<\/li>\n<li>Event- und Projektleiter<\/li>\n<li>\u00d6ffentlichkeits- und Pressearbeit<\/li>\n<li>Online-Redakteur<\/li>\n<li>Chefredakteur Kunden- und Journalisten-Newletter<\/li>\n<li>Interviews<\/li>\n<li>News<\/li>\n<li>Pressemitteilungen in eigener Sache<\/li>\n<li>PR-Redakteur<\/li>\n<li>PR-Beratung<\/li>\n<li>Pressemitteilungen f\u00fcr Kunden der PresseBox<\/li>\n<\/ul>\n<p><!-- \/wp:list --><\/p>\n<p>Weitere PR-Referenzen als Presse-Ansprechpartner, PR-Referent oder Freier Mitarbeiter:<\/p>\n\n<!-- wp:list -->\n<ul><li><a href=\"http:\/\/www.agentur-feuerstein.de\/\">Feuerstein PR &amp; Marketing GmbH<\/a><\/li><li><a href=\"http:\/\/www.dierollendenfriseure.de\/\">Die Rollenden Friseure<\/a><\/li><li><a href=\"https:\/\/www.sipkom.com\/de\/\">sipkom (PTY) Ltd.<\/a><\/li><li>IT Advantage AG<\/li><li><a href=\"https:\/\/www.dci.de\/\">DCI Database for Commerce and Industry AG<\/a><\/li><li><a href=\"http:\/\/socialmedia-institute.com\/\">Social Media Institute<\/a><\/li><li><a href=\"http:\/\/www.gamblersfirst.com\/\">Gamblers First GmbH<\/a><\/li><li><a href=\"https:\/\/www.netclusive.de\/\">netclusive GmbH<\/a><\/li><li><a href=\"http:\/\/www.otterbach.de\/\">Otterbach IT<\/a><\/li><li><a href=\"http:\/\/www.lutzundgrub.de\/de\/\">Lutz &amp; Grub AG<\/a><\/li><li><a href=\"https:\/\/www.weilgut.de\/web\/cms.nsf\/web\/index\">Haus Weilgut GmbH<\/a><\/li><li><a href=\"http:\/\/axonic.de\/\">Axonic Informationssysteme GmbH<\/a><\/li><li><a href=\"https:\/\/www.ecointense.de\/\">EcoIntense GmbH<\/a><\/li><li><a href=\"http:\/\/www.globalventuresinc.com\/\">Global Ventures Ltd.<\/a><\/li><li><a href=\"https:\/\/artcrash.com\/de\/\">Art Crash Werbeagentur GmbH<\/a><\/li><\/ul>\n<!-- \/wp:list -->\n\n<!-- wp:paragraph -->\n<p><\/p>\n<!-- \/wp:paragraph -->","protected":false},"excerpt":{"rendered":"<p>Online-Redakteur &amp; PR-Berater bei\/f\u00fcr: Poker.de PokerStrategy.com PartyPoker Betsafe bet-at-home.com mybet Betfair BILD.de PokerMagazin Pokerfirma.com Euroslots Lottoland CP Kommunikation PR-Referent bei Huber Verlag f\u00fcr Neue Medien, Initiative Mittelstand, PresseBox: Pressereferent Presse- und \u00d6ffentlichkeitsarbeit Unternehmenskommunikation Kooperationen Networking Messemanagement Event- und Projektleiter \u00d6ffentlichkeits- und Pressearbeit Online-Redakteur Chefredakteur Kunden- und Journalisten-Newletter Interviews News Pressemitteilungen in eigener Sache PR-Redakteur PR-Beratung [&hellip;]<\/p>\n","protected":false},"author":1,"featured_media":0,"parent":0,"menu_order":7,"comment_status":"closed","ping_status":"closed","template":"","meta":[],"_links":{"self":[{"href":"http:\/\/home.nuebel-pr.de\/index.php?rest_route=\/wp\/v2\/pages\/22"}],"collection":[{"href":"http:\/\/home.nuebel-pr.de\/index.php?rest_route=\/wp\/v2\/pages"}],"about":[{"href":"http:\/\/home.nuebel-pr.de\/index.php?rest_route=\/wp\/v2\/types\/page"}],"author":[{"embeddable":true,"href":"http:\/\/home.nuebel-pr.de\/index.php?rest_route=\/wp\/v2\/users\/1"}],"replies":[{"embeddable":true,"href":"http:\/\/home.nuebel-pr.de\/index.php?rest_route=%2Fwp%2Fv2%2Fcomments&post=22"}],"version-history":[{"count":5,"href":"http:\/\/home.nuebel-pr.de\/index.php?rest_route=\/wp\/v2\/pages\/22\/revisions"}],"predecessor-version":[{"id":82,"href":"http:\/\/home.nuebel-pr.de\/index.php?rest_route=\/wp\/v2\/pages\/22\/revisions\/82"}],"wp:attachment":[{"href":"http:\/\/home.nuebel-pr.de\/index.php?rest_route=%2Fwp%2Fv2%2Fmedia&parent=22"}],"curies":[{"name":"wp","href":"https:\/\/api.w.org\/{rel}","templated":true}]}}